{"id":408,"date":"2025-06-07T18:49:08","date_gmt":"2025-06-07T16:49:08","guid":{"rendered":"http:\/\/france-piscine.com\/?page_id=408"},"modified":"2025-06-24T15:22:22","modified_gmt":"2025-06-24T13:22:22","slug":"realisations","status":"publish","type":"page","link":"https:\/\/france-piscine.com\/?page_id=408","title":{"rendered":"R\u00e9alisations"},"content":{"rendered":"\t\t<div data-elementor-type=\"wp-page\" data-elementor-id=\"408\" class=\"elementor elementor-408\">\n\t\t\t\t<div class=\"elementor-element elementor-element-9a46109 e-con-full e-flex e-con e-parent\" data-id=\"9a46109\" data-element_type=\"container\" data-settings=\"{&quot;background_background&quot;:&quot;classic&quot;}\">\n\t\t\t\t<div class=\"elementor-element elementor-element-e0646bf elementor-widget elementor-widget-image\" data-id=\"e0646bf\" data-element_type=\"widget\" data-widget_type=\"image.default\">\n\t\t\t\t<div class=\"elementor-widget-container\">\n\t\t\t\t\t\t\t\t\t\t\t\t\t\t\t\t<a href=\"https:\/\/france-piscine.com\/\">\n\t\t\t\t\t\t\t<img decoding=\"async\" width=\"150\" height=\"150\" src=\"https:\/\/france-piscine.com\/wp-content\/uploads\/2025\/06\/LogoFrance-Piscine-P-150x150.jpg\" class=\"attachment-thumbnail size-thumbnail wp-image-368\" alt=\"\" srcset=\"https:\/\/france-piscine.com\/wp-content\/uploads\/2025\/06\/LogoFrance-Piscine-P-150x150.jpg 150w, https:\/\/france-piscine.com\/wp-content\/uploads\/2025\/06\/LogoFrance-Piscine-P.jpg 200w\" sizes=\"(max-width: 150px) 100vw, 150px\" \/>\t\t\t\t\t\t\t\t<\/a>\n\t\t\t\t\t\t\t\t\t\t\t\t\t\t\t<\/div>\n\t\t\t\t<\/div>\n\t\t\t\t<div class=\"elementor-element elementor-element-ff3df68 elementor-widget elementor-widget-heading\" data-id=\"ff3df68\" data-element_type=\"widget\" data-widget_type=\"heading.default\">\n\t\t\t\t<div class=\"elementor-widget-container\">\n\t\t\t\t\t<h2 class=\"elementor-heading-title elementor-size-default\">R\u00c9ALISATIONS<\/h2>\t\t\t\t<\/div>\n\t\t\t\t<\/div>\n\t\t<div class=\"elementor-element elementor-element-bb37540 e-con-full e-flex e-con e-child\" data-id=\"bb37540\" data-element_type=\"container\" data-settings=\"{&quot;position&quot;:&quot;fixed&quot;}\">\n\t\t\t\t<div class=\"elementor-element elementor-element-5a58965 ekit-off-canvas-position-right elementor-widget elementor-widget-elementskit-header-offcanvas\" data-id=\"5a58965\" data-element_type=\"widget\" data-widget_type=\"elementskit-header-offcanvas.default\">\n\t\t\t\t<div class=\"elementor-widget-container\">\n\t\t\t\t\t<div class=\"ekit-wid-con\" >        <div class=\"ekit-offcanvas-toggle-wraper before\">\n            <a href=\"#\" class=\"ekit_navSidebar-button ekit_offcanvas-sidebar\" aria-label=\"offcanvas-menu\">\n                <i aria-hidden=\"true\" class=\"icon icon-menu-11\"><\/i>            <\/a>\n        <\/div>\n        <!-- offset cart strart -->\n        <!-- sidebar cart item -->\n        <div class=\"ekit-sidebar-group info-group ekit-slide\" data-settings=\"{&quot;disable_bodyscroll&quot;:&quot;yes&quot;}\">\n            <div class=\"ekit-overlay ekit-bg-black\"><\/div>\n            <div class=\"ekit-sidebar-widget\">\n                <div class=\"ekit_sidebar-widget-container\">\n                    <div class=\"ekit_widget-heading before\">\n                        <a href=\"#\" class=\"ekit_close-side-widget\" aria-label=\"close-icon\">\n\n\t\t\t\t\t\t\t<svg aria-hidden=\"true\" class=\"e-font-icon-svg e-fas-times\" viewBox=\"0 0 352 512\" xmlns=\"http:\/\/www.w3.org\/2000\/svg\"><path d=\"M242.72 256l100.07-100.07c12.28-12.28 12.28-32.19 0-44.48l-22.24-22.24c-12.28-12.28-32.19-12.28-44.48 0L176 189.28 75.93 89.21c-12.28-12.28-32.19-12.28-44.48 0L9.21 111.45c-12.28 12.28-12.28 32.19 0 44.48L109.28 256 9.21 356.07c-12.28 12.28-12.28 32.19 0 44.48l22.24 22.24c12.28 12.28 32.2 12.28 44.48 0L176 322.72l100.07 100.07c12.28 12.28 32.2 12.28 44.48 0l22.24-22.24c12.28-12.28 12.28-32.19 0-44.48L242.72 256z\"><\/path><\/svg>\n                        <\/a>\n                    <\/div>\n                    <div class=\"ekit_sidebar-textwidget\">\n                        \n\t\t<div class=\"widgetarea_warper widgetarea_warper_editable\" data-elementskit-widgetarea-key=\"cbb85e0\"  data-elementskit-widgetarea-index=\"99\">\n\t\t\t<div class=\"widgetarea_warper_edit\" data-elementskit-widgetarea-key=\"cbb85e0\" data-elementskit-widgetarea-index=\"99\">\n\t\t\t\t<i class=\"eicon-edit\" aria-hidden=\"true\"><\/i>\n\t\t\t\t<span>Edit Content<\/span>\n\t\t\t<\/div>\n\n\t\t\t\t\t\t\t\t<div class=\"ekit-widget-area-container\">\n\t\t\t\t\t\t\t<div data-elementor-type=\"wp-post\" data-elementor-id=\"742\" class=\"elementor elementor-742\">\n\t\t\t\t<div class=\"elementor-element elementor-element-96b2874 e-flex e-con-boxed e-con e-parent\" data-id=\"96b2874\" data-element_type=\"container\">\n\t\t\t\t\t<div class=\"e-con-inner\">\n\t\t\t\t<div class=\"elementor-element elementor-element-6c9c8e0 elementor-widget elementor-widget-image\" data-id=\"6c9c8e0\" data-element_type=\"widget\" data-widget_type=\"image.default\">\n\t\t\t\t<div class=\"elementor-widget-container\">\n\t\t\t\t\t\t\t\t\t\t\t\t\t\t\t<img decoding=\"async\" width=\"150\" height=\"140\" src=\"https:\/\/france-piscine.com\/wp-content\/uploads\/2025\/06\/Logo-Blanc-Foot-P.png\" class=\"attachment-thumbnail size-thumbnail wp-image-615\" alt=\"\" \/>\t\t\t\t\t\t\t\t\t\t\t\t\t\t\t<\/div>\n\t\t\t\t<\/div>\n\t\t\t\t\t<\/div>\n\t\t\t\t<\/div>\n\t\t<div class=\"elementor-element elementor-element-3c758ad e-flex e-con-boxed e-con e-parent\" data-id=\"3c758ad\" data-element_type=\"container\">\n\t\t\t\t\t<div class=\"e-con-inner\">\n\t\t\t\t<div class=\"elementor-element elementor-element-fa0d985 elementor-widget elementor-widget-text-editor\" data-id=\"fa0d985\" data-element_type=\"widget\" data-widget_type=\"text-editor.default\">\n\t\t\t\t<div class=\"elementor-widget-container\">\n\t\t\t\t\t\t\t\t\t<p>Menu<\/p><p>\u00a0<\/p><p><a href=\"https:\/\/france-piscine.com\/\">ACCUEIL<\/a><\/p><p><a href=\"https:\/\/france-piscine.com\/?page_id=403\">CONSTRUCTION SUR-MESURE<\/a><\/p><p><a href=\"https:\/\/france-piscine.com\/?page_id=480\">R\u00c9NOVATION<\/a><\/p><p><a href=\"https:\/\/france-piscine.com\/?page_id=423\">MAINTENANCE<\/a><\/p><p><a href=\"https:\/\/france-piscine.com\/?page_id=418\">VENTE DE MAT\u00c9RIEL<\/a><\/p><p><a href=\"https:\/\/france-piscine.com\/?page_id=408\">R\u00c9ALISATIONS<\/a><\/p><p><a href=\"https:\/\/france-piscine.com\/?page_id=330\">CONTACT<\/a><\/p><p><a href=\"https:\/\/france-piscine.com\/?page_id=899\">MENTIONS L\u00c9GALES<\/a><\/p>\t\t\t\t\t\t\t\t<\/div>\n\t\t\t\t<\/div>\n\t\t\t\t\t<\/div>\n\t\t\t\t<\/div>\n\t\t\t\t<\/div>\n\t\t\t\t\t\t\t<\/div>\n\t\t\t\t\t\t<\/div>\n\t\t \n                    <\/div>\n                <\/div>\n            <\/div>\n        <\/div> <!-- END sidebar widget item -->\n        <!-- END offset cart strart -->\n        <\/div>\t\t\t\t<\/div>\n\t\t\t\t<\/div>\n\t\t\t\t<\/div>\n\t\t\t\t<\/div>\n\t\t<div class=\"elementor-element elementor-element-1e45672 e-con-full e-flex e-con e-parent\" data-id=\"1e45672\" data-element_type=\"container\" data-settings=\"{&quot;background_background&quot;:&quot;gradient&quot;}\">\n\t\t\t\t<div class=\"elementor-element elementor-element-12e5625 elementor-widget__width-initial elementor-widget elementor-widget-text-editor\" data-id=\"12e5625\" data-element_type=\"widget\" data-widget_type=\"text-editor.default\">\n\t\t\t\t<div class=\"elementor-widget-container\">\n\t\t\t\t\t\t\t\t\t<p>Des lignes \u00e9pur\u00e9es d\u2019une piscine miroir aux courbes \u00e9l\u00e9gantes d\u2019un bassin paysager, en passant par des am\u00e9nagements contemporains, luxueux ou naturels, nos cr\u00e9ations illustrent l\u2019alliance parfaite entre esth\u00e9tique, technologie et exigence.<\/p>\t\t\t\t\t\t\t\t<\/div>\n\t\t\t\t<\/div>\n\t\t\t\t<\/div>\n\t\t<div class=\"elementor-element elementor-element-76c0b08 e-con-full e-flex e-con e-parent\" data-id=\"76c0b08\" data-element_type=\"container\">\n\t\t\t\t<div class=\"elementor-element elementor-element-6f2998c elementor-widget-divider--separator-type-pattern elementor-widget-divider--bg-round elementor-widget-divider--view-line elementor-widget elementor-widget-divider\" data-id=\"6f2998c\" data-element_type=\"widget\" data-widget_type=\"divider.default\">\n\t\t\t\t<div class=\"elementor-widget-container\">\n\t\t\t\t\t\t\t<div class=\"elementor-divider\" style=\"--divider-pattern-url: url(&quot;data:image\/svg+xml,%3Csvg xmlns=&#039;http:\/\/www.w3.org\/2000\/svg&#039; preserveAspectRatio=&#039;none&#039; overflow=&#039;visible&#039; height=&#039;100%&#039; viewBox=&#039;0 0 60 30&#039; fill=&#039;black&#039; stroke=&#039;none&#039;%3E%3Crect x=&#039;15&#039; y=&#039;0&#039; width=&#039;30&#039; height=&#039;30&#039;\/%3E%3C\/svg%3E&quot;);\">\n\t\t\t<span class=\"elementor-divider-separator\">\n\t\t\t\t\t\t<\/span>\n\t\t<\/div>\n\t\t\t\t\t\t<\/div>\n\t\t\t\t<\/div>\n\t\t\t\t<\/div>\n\t\t<div class=\"elementor-element elementor-element-cab8b9c e-flex e-con-boxed e-con e-parent\" data-id=\"cab8b9c\" data-element_type=\"container\">\n\t\t\t\t\t<div class=\"e-con-inner\">\n\t\t\t\t<div class=\"elementor-element elementor-element-5748390 elementor-widget elementor-widget-heading\" data-id=\"5748390\" data-element_type=\"widget\" data-widget_type=\"heading.default\">\n\t\t\t\t<div class=\"elementor-widget-container\">\n\t\t\t\t\t<h2 class=\"elementor-heading-title elementor-size-default\">PAGE EN COURS DE CONSTRUCTION<\/h2>\t\t\t\t<\/div>\n\t\t\t\t<\/div>\n\t\t\t\t\t<\/div>\n\t\t\t\t<\/div>\n\t\t<div class=\"elementor-element elementor-element-69d1f78 e-con-full e-flex e-con e-parent\" data-id=\"69d1f78\" data-element_type=\"container\" data-settings=\"{&quot;background_background&quot;:&quot;classic&quot;}\">\n\t\t\t\t<div class=\"elementor-element elementor-element-d46699e elementor-widget__width-initial elementor-widget elementor-widget-text-editor\" data-id=\"d46699e\" data-element_type=\"widget\" data-widget_type=\"text-editor.default\">\n\t\t\t\t<div class=\"elementor-widget-container\">\n\t\t\t\t\t\t\t\t\t<p>Laissez-vous inspirer par ces r\u00e9alisations, v\u00e9ritables t\u00e9moignages de notre engagement \u00e0 faire de chaque piscine un espace de vie d\u2019exception.<\/p>\t\t\t\t\t\t\t\t<\/div>\n\t\t\t\t<\/div>\n\t\t\t\t<\/div>\n\t\t<div class=\"elementor-element elementor-element-ae785d2 e-con-full e-flex e-con e-parent\" data-id=\"ae785d2\" data-element_type=\"container\" data-settings=\"{&quot;background_background&quot;:&quot;classic&quot;}\">\n\t\t<div class=\"elementor-element elementor-element-bbeea41 e-grid e-con-boxed e-con e-child\" data-id=\"bbeea41\" data-element_type=\"container\">\n\t\t\t\t\t<div class=\"e-con-inner\">\n\t\t\t\t<div class=\"elementor-element elementor-element-e3ebe73 elementor-widget-mobile__width-initial elementor-widget elementor-widget-image\" data-id=\"e3ebe73\" data-element_type=\"widget\" data-widget_type=\"image.default\">\n\t\t\t\t<div class=\"elementor-widget-container\">\n\t\t\t\t\t\t\t\t\t\t\t\t\t\t\t<img decoding=\"async\" width=\"150\" height=\"140\" src=\"https:\/\/france-piscine.com\/wp-content\/uploads\/2025\/06\/Logo-Blanc-Foot-P.png\" class=\"attachment-thumbnail size-thumbnail wp-image-615\" alt=\"\" \/>\t\t\t\t\t\t\t\t\t\t\t\t\t\t\t<\/div>\n\t\t\t\t<\/div>\n\t\t\t\t<div class=\"elementor-element elementor-element-21c534a elementor-widget-mobile__width-initial elementor-widget elementor-widget-text-editor\" data-id=\"21c534a\" data-element_type=\"widget\" data-widget_type=\"text-editor.default\">\n\t\t\t\t<div class=\"elementor-widget-container\">\n\t\t\t\t\t\t\t\t\t<p><a href=\"https:\/\/france-piscine.com\/\">ACCUEIL<\/a><\/p><p><a href=\"https:\/\/france-piscine.com\/?page_id=403\">CONSTRUCTION<\/a><\/p><p><a href=\"https:\/\/france-piscine.com\/?page_id=480\">R\u00c9NOVATION<\/a><\/p><p><a href=\"https:\/\/france-piscine.com\/?page_id=423\">MAINTENANCE<\/a><\/p><p><a href=\"https:\/\/france-piscine.com\/?page_id=418\">VENTE DE MAT\u00c9RIEL<\/a><\/p><p><a href=\"https:\/\/france-piscine.com\/?page_id=408\">R\u00c9ALISATIONS<\/a><\/p><p><a href=\"https:\/\/france-piscine.com\/?page_id=330\">CONTACT<\/a><\/p><p><a href=\"https:\/\/france-piscine.com\/?page_id=899\">MENTIONS L\u00c9GALES<\/a><\/p>\t\t\t\t\t\t\t\t<\/div>\n\t\t\t\t<\/div>\n\t\t\t\t\t<\/div>\n\t\t\t\t<\/div>\n\t\t\t\t<\/div>\n\t\t<div class=\"elementor-element elementor-element-4d0af1e0 e-con-full e-flex e-con e-parent\" data-id=\"4d0af1e0\" data-element_type=\"container\" data-settings=\"{&quot;background_background&quot;:&quot;classic&quot;}\">\n\t\t\t\t<div class=\"elementor-element elementor-element-54b2cd9a elementor-widget-divider--separator-type-pattern elementor-widget-divider--bg-round elementor-widget-divider--view-line elementor-widget elementor-widget-divider\" data-id=\"54b2cd9a\" data-element_type=\"widget\" data-widget_type=\"divider.default\">\n\t\t\t\t<div class=\"elementor-widget-container\">\n\t\t\t\t\t\t\t<div class=\"elementor-divider\" style=\"--divider-pattern-url: url(&quot;data:image\/svg+xml,%3Csvg xmlns=&#039;http:\/\/www.w3.org\/2000\/svg&#039; preserveAspectRatio=&#039;none&#039; overflow=&#039;visible&#039; height=&#039;100%&#039; viewBox=&#039;0 0 60 30&#039; fill=&#039;black&#039; stroke=&#039;none&#039;%3E%3Crect x=&#039;15&#039; y=&#039;0&#039; width=&#039;30&#039; height=&#039;30&#039;\/%3E%3C\/svg%3E&quot;);\">\n\t\t\t<span class=\"elementor-divider-separator\">\n\t\t\t\t\t\t<\/span>\n\t\t<\/div>\n\t\t\t\t\t\t<\/div>\n\t\t\t\t<\/div>\n\t\t\t\t<\/div>\n\t\t\t\t<\/div>\n\t\t","protected":false},"excerpt":{"rendered":"<p>R\u00c9ALISATIONS Edit Content Menu \u00a0 ACCUEIL CONSTRUCTION SUR-MESURE R\u00c9NOVATION MAINTENANCE VENTE DE MAT\u00c9RIEL R\u00c9ALISATIONS CONTACT MENTIONS L\u00c9GALES Des lignes \u00e9pur\u00e9es d\u2019une piscine miroir aux courbes \u00e9l\u00e9gantes d\u2019un bassin paysager, en passant par des am\u00e9nagements contemporains, luxueux ou naturels, nos cr\u00e9ations illustrent l\u2019alliance parfaite entre esth\u00e9tique, technologie et exigence. PAGE EN COURS DE CONSTRUCTION Laissez-vous inspirer [&hellip;]<\/p>\n","protected":false},"author":1,"featured_media":0,"parent":0,"menu_order":0,"comment_status":"closed","ping_status":"closed","template":"","meta":{"footnotes":""},"class_list":["post-408","page","type-page","status-publish","hentry"],"yoast_head":"<!-- This site is optimized with the Yoast SEO plugin v25.7 - https:\/\/yoast.com\/wordpress\/plugins\/seo\/ -->\n<title>R\u00e9alisations | FRANCE PISCINE<\/title>\n<meta name=\"robots\" content=\"index, follow, max-snippet:-1, max-image-preview:large, max-video-preview:-1\" \/>\n<link rel=\"canonical\" href=\"https:\/\/france-piscine.com\/?page_id=408\" \/>\n<meta property=\"og:locale\" content=\"fr_FR\" \/>\n<meta property=\"og:type\" content=\"article\" \/>\n<meta property=\"og:title\" content=\"R\u00e9alisations | FRANCE PISCINE\" \/>\n<meta property=\"og:description\" content=\"R\u00c9ALISATIONS Edit Content Menu \u00a0 ACCUEIL CONSTRUCTION SUR-MESURE R\u00c9NOVATION MAINTENANCE VENTE DE MAT\u00c9RIEL R\u00c9ALISATIONS CONTACT MENTIONS L\u00c9GALES Des lignes \u00e9pur\u00e9es d\u2019une piscine miroir aux courbes \u00e9l\u00e9gantes d\u2019un bassin paysager, en passant par des am\u00e9nagements contemporains, luxueux ou naturels, nos cr\u00e9ations illustrent l\u2019alliance parfaite entre esth\u00e9tique, technologie et exigence. PAGE EN COURS DE CONSTRUCTION Laissez-vous inspirer [&hellip;]\" \/>\n<meta property=\"og:url\" content=\"https:\/\/france-piscine.com\/?page_id=408\" \/>\n<meta property=\"og:site_name\" content=\"FRANCE PISCINE\" \/>\n<meta property=\"article:modified_time\" content=\"2025-06-24T13:22:22+00:00\" \/>\n<meta property=\"og:image\" content=\"https:\/\/france-piscine.com\/wp-content\/uploads\/2025\/06\/LogoFrance-Piscine-P.jpg\" \/>\n\t<meta property=\"og:image:width\" content=\"200\" \/>\n\t<meta property=\"og:image:height\" content=\"200\" \/>\n\t<meta property=\"og:image:type\" content=\"image\/jpeg\" \/>\n<meta name=\"twitter:card\" content=\"summary_large_image\" \/>\n<meta name=\"twitter:label1\" content=\"Dur\u00e9e de lecture estim\u00e9e\" \/>\n\t<meta name=\"twitter:data1\" content=\"2 minutes\" \/>\n<script type=\"application\/ld+json\" class=\"yoast-schema-graph\">{\"@context\":\"https:\/\/schema.org\",\"@graph\":[{\"@type\":\"WebPage\",\"@id\":\"https:\/\/france-piscine.com\/?page_id=408\",\"url\":\"https:\/\/france-piscine.com\/?page_id=408\",\"name\":\"R\u00e9alisations | FRANCE PISCINE\",\"isPartOf\":{\"@id\":\"https:\/\/france-piscine.com\/#website\"},\"primaryImageOfPage\":{\"@id\":\"https:\/\/france-piscine.com\/?page_id=408#primaryimage\"},\"image\":{\"@id\":\"https:\/\/france-piscine.com\/?page_id=408#primaryimage\"},\"thumbnailUrl\":\"https:\/\/france-piscine.com\/wp-content\/uploads\/2025\/06\/LogoFrance-Piscine-P-150x150.jpg\",\"datePublished\":\"2025-06-07T16:49:08+00:00\",\"dateModified\":\"2025-06-24T13:22:22+00:00\",\"breadcrumb\":{\"@id\":\"https:\/\/france-piscine.com\/?page_id=408#breadcrumb\"},\"inLanguage\":\"fr-FR\",\"potentialAction\":[{\"@type\":\"ReadAction\",\"target\":[\"https:\/\/france-piscine.com\/?page_id=408\"]}]},{\"@type\":\"ImageObject\",\"inLanguage\":\"fr-FR\",\"@id\":\"https:\/\/france-piscine.com\/?page_id=408#primaryimage\",\"url\":\"https:\/\/france-piscine.com\/wp-content\/uploads\/2025\/06\/LogoFrance-Piscine-P.jpg\",\"contentUrl\":\"https:\/\/france-piscine.com\/wp-content\/uploads\/2025\/06\/LogoFrance-Piscine-P.jpg\",\"width\":200,\"height\":200},{\"@type\":\"BreadcrumbList\",\"@id\":\"https:\/\/france-piscine.com\/?page_id=408#breadcrumb\",\"itemListElement\":[{\"@type\":\"ListItem\",\"position\":1,\"name\":\"Accueil\",\"item\":\"https:\/\/france-piscine.com\/\"},{\"@type\":\"ListItem\",\"position\":2,\"name\":\"R\u00e9alisations\"}]},{\"@type\":\"WebSite\",\"@id\":\"https:\/\/france-piscine.com\/#website\",\"url\":\"https:\/\/france-piscine.com\/\",\"name\":\"Construction de piscines sur-mesure\",\"description\":\"Plongez dans la tranquillit\u00e9\",\"publisher\":{\"@id\":\"https:\/\/france-piscine.com\/#organization\"},\"potentialAction\":[{\"@type\":\"SearchAction\",\"target\":{\"@type\":\"EntryPoint\",\"urlTemplate\":\"https:\/\/france-piscine.com\/?s={search_term_string}\"},\"query-input\":{\"@type\":\"PropertyValueSpecification\",\"valueRequired\":true,\"valueName\":\"search_term_string\"}}],\"inLanguage\":\"fr-FR\"},{\"@type\":\"Organization\",\"@id\":\"https:\/\/france-piscine.com\/#organization\",\"name\":\"France Piscine\",\"url\":\"https:\/\/france-piscine.com\/\",\"logo\":{\"@type\":\"ImageObject\",\"inLanguage\":\"fr-FR\",\"@id\":\"https:\/\/france-piscine.com\/#\/schema\/logo\/image\/\",\"url\":\"http:\/\/france-piscine.com\/wp-content\/uploads\/2025\/05\/LogoFrance-Piscine.jpg\",\"contentUrl\":\"http:\/\/france-piscine.com\/wp-content\/uploads\/2025\/05\/LogoFrance-Piscine.jpg\",\"width\":1168,\"height\":1152,\"caption\":\"France Piscine\"},\"image\":{\"@id\":\"https:\/\/france-piscine.com\/#\/schema\/logo\/image\/\"}}]}<\/script>\n<!-- \/ Yoast SEO plugin. -->","yoast_head_json":{"title":"R\u00e9alisations | FRANCE PISCINE","robots":{"index":"index","follow":"follow","max-snippet":"max-snippet:-1","max-image-preview":"max-image-preview:large","max-video-preview":"max-video-preview:-1"},"canonical":"https:\/\/france-piscine.com\/?page_id=408","og_locale":"fr_FR","og_type":"article","og_title":"R\u00e9alisations | FRANCE PISCINE","og_description":"R\u00c9ALISATIONS Edit Content Menu \u00a0 ACCUEIL CONSTRUCTION SUR-MESURE R\u00c9NOVATION MAINTENANCE VENTE DE MAT\u00c9RIEL R\u00c9ALISATIONS CONTACT MENTIONS L\u00c9GALES Des lignes \u00e9pur\u00e9es d\u2019une piscine miroir aux courbes \u00e9l\u00e9gantes d\u2019un bassin paysager, en passant par des am\u00e9nagements contemporains, luxueux ou naturels, nos cr\u00e9ations illustrent l\u2019alliance parfaite entre esth\u00e9tique, technologie et exigence. PAGE EN COURS DE CONSTRUCTION Laissez-vous inspirer [&hellip;]","og_url":"https:\/\/france-piscine.com\/?page_id=408","og_site_name":"FRANCE PISCINE","article_modified_time":"2025-06-24T13:22:22+00:00","og_image":[{"width":200,"height":200,"url":"https:\/\/france-piscine.com\/wp-content\/uploads\/2025\/06\/LogoFrance-Piscine-P.jpg","type":"image\/jpeg"}],"twitter_card":"summary_large_image","twitter_misc":{"Dur\u00e9e de lecture estim\u00e9e":"2 minutes"},"schema":{"@context":"https:\/\/schema.org","@graph":[{"@type":"WebPage","@id":"https:\/\/france-piscine.com\/?page_id=408","url":"https:\/\/france-piscine.com\/?page_id=408","name":"R\u00e9alisations | FRANCE PISCINE","isPartOf":{"@id":"https:\/\/france-piscine.com\/#website"},"primaryImageOfPage":{"@id":"https:\/\/france-piscine.com\/?page_id=408#primaryimage"},"image":{"@id":"https:\/\/france-piscine.com\/?page_id=408#primaryimage"},"thumbnailUrl":"https:\/\/france-piscine.com\/wp-content\/uploads\/2025\/06\/LogoFrance-Piscine-P-150x150.jpg","datePublished":"2025-06-07T16:49:08+00:00","dateModified":"2025-06-24T13:22:22+00:00","breadcrumb":{"@id":"https:\/\/france-piscine.com\/?page_id=408#breadcrumb"},"inLanguage":"fr-FR","potentialAction":[{"@type":"ReadAction","target":["https:\/\/france-piscine.com\/?page_id=408"]}]},{"@type":"ImageObject","inLanguage":"fr-FR","@id":"https:\/\/france-piscine.com\/?page_id=408#primaryimage","url":"https:\/\/france-piscine.com\/wp-content\/uploads\/2025\/06\/LogoFrance-Piscine-P.jpg","contentUrl":"https:\/\/france-piscine.com\/wp-content\/uploads\/2025\/06\/LogoFrance-Piscine-P.jpg","width":200,"height":200},{"@type":"BreadcrumbList","@id":"https:\/\/france-piscine.com\/?page_id=408#breadcrumb","itemListElement":[{"@type":"ListItem","position":1,"name":"Accueil","item":"https:\/\/france-piscine.com\/"},{"@type":"ListItem","position":2,"name":"R\u00e9alisations"}]},{"@type":"WebSite","@id":"https:\/\/france-piscine.com\/#website","url":"https:\/\/france-piscine.com\/","name":"Construction de piscines sur-mesure","description":"Plongez dans la tranquillit\u00e9","publisher":{"@id":"https:\/\/france-piscine.com\/#organization"},"potentialAction":[{"@type":"SearchAction","target":{"@type":"EntryPoint","urlTemplate":"https:\/\/france-piscine.com\/?s={search_term_string}"},"query-input":{"@type":"PropertyValueSpecification","valueRequired":true,"valueName":"search_term_string"}}],"inLanguage":"fr-FR"},{"@type":"Organization","@id":"https:\/\/france-piscine.com\/#organization","name":"France Piscine","url":"https:\/\/france-piscine.com\/","logo":{"@type":"ImageObject","inLanguage":"fr-FR","@id":"https:\/\/france-piscine.com\/#\/schema\/logo\/image\/","url":"http:\/\/france-piscine.com\/wp-content\/uploads\/2025\/05\/LogoFrance-Piscine.jpg","contentUrl":"http:\/\/france-piscine.com\/wp-content\/uploads\/2025\/05\/LogoFrance-Piscine.jpg","width":1168,"height":1152,"caption":"France Piscine"},"image":{"@id":"https:\/\/france-piscine.com\/#\/schema\/logo\/image\/"}}]}},"_links":{"self":[{"href":"https:\/\/france-piscine.com\/index.php?rest_route=\/wp\/v2\/pages\/408","targetHints":{"allow":["GET"]}}],"collection":[{"href":"https:\/\/france-piscine.com\/index.php?rest_route=\/wp\/v2\/pages"}],"about":[{"href":"https:\/\/france-piscine.com\/index.php?rest_route=\/wp\/v2\/types\/page"}],"author":[{"embeddable":true,"href":"https:\/\/france-piscine.com\/index.php?rest_route=\/wp\/v2\/users\/1"}],"replies":[{"embeddable":true,"href":"https:\/\/france-piscine.com\/index.php?rest_route=%2Fwp%2Fv2%2Fcomments&post=408"}],"version-history":[{"count":35,"href":"https:\/\/france-piscine.com\/index.php?rest_route=\/wp\/v2\/pages\/408\/revisions"}],"predecessor-version":[{"id":1055,"href":"https:\/\/france-piscine.com\/index.php?rest_route=\/wp\/v2\/pages\/408\/revisions\/1055"}],"wp:attachment":[{"href":"https:\/\/france-piscine.com\/index.php?rest_route=%2Fwp%2Fv2%2Fmedia&parent=408"}],"curies":[{"name":"wp","href":"https:\/\/api.w.org\/{rel}","templated":true}]}}